{"id":66335,"date":"2017-12-20T18:14:29","date_gmt":"2017-12-20T17:14:29","guid":{"rendered":"http:\/\/www.heymann-renoult.com\/?page_id=66335"},"modified":"2020-01-23T17:00:46","modified_gmt":"2020-01-23T16:00:46","slug":"references","status":"publish","type":"page","link":"https:\/\/www.heymann-associes.com\/en\/references\/","title":{"rendered":"REFERENCES"},"content":{"rendered":"<div class=\"wpb-content-wrapper\"><p>[vc_row][vc_column width=&#8221;1\/1&#8243;][vc_row_inner][vc_column_inner width=&#8221;1\/3&#8243;][vc_custom_heading text_size=&#8221;h4&#8243; text_font=&#8221;font-883049&#8243; text_weight=&#8221;600&#8243; text_color=&#8221;color-513763&#8243;]Our customers are our best reference.[\/vc_custom_heading][\/vc_column_inner][vc_column_inner width=&#8221;1\/3&#8243;][vc_column_text]Events and major cultural institutions, biennales, festivals, fairs, foundations as well as leaders in the luxury sector: all of them entrusted us to perform our services which always measured up to their expectations.[\/vc_column_text][\/vc_column_inner][vc_column_inner width=&#8221;1\/3&#8243;][vc_column_text]HA,\u00a0 communications agency, benefits from a reputation which is based on more than 30 years of experience in two particular sectors: culture and society.<\/p>\n<p>Our numerous references in culture cover various domains: ancient- modern and contemporary art, cultural heritage, applied arts, design, architecture, photography, art market, art education, performing arts (dance and contemporary circus), music, cinema, literature, contemporary history, cultural policy\u2026 We developed a strong clientele in the society sector with distinguished backgrounds in the fields of luxury, art of living and tourism.[\/vc_column_text][\/vc_column_inner][\/vc_row_inner][vc_separator][\/vc_column][\/vc_row][vc_row row_height_percent=&#8221;0&#8243; override_padding=&#8221;yes&#8221; h_padding=&#8221;2&#8243; top_padding=&#8221;0&#8243; bottom_padding=&#8221;0&#8243; overlay_alpha=&#8221;50&#8243; gutter_size=&#8221;3&#8243; shift_y=&#8221;0&#8243;][vc_column column_width_percent=&#8221;100&#8243; overlay_alpha=&#8221;50&#8243; gutter_size=&#8221;3&#8243; medium_width=&#8221;0&#8243; shift_x=&#8221;0&#8243; shift_y=&#8221;0&#8243; zoom_width=&#8221;0&#8243; zoom_height=&#8221;0&#8243; width=&#8221;1\/1&#8243;][vc_gallery el_id=&#8221;gallery-85457&#8243; type=&#8221;carousel&#8221; medias=&#8221;66617,66619,66621,66623,66625,66627,66629,66631,66633,66635,66637,66639,66641,66643,66645,66647,66649,66653,67709,67715,67717,67719,67721,67723,67725,67727,67729,67847,67849,67851,67853,67855,67859,67861&#8243; carousel_lg=&#8221;7&#8243; carousel_md=&#8221;5&#8243; carousel_sm=&#8221;3&#8243; gutter_size=&#8221;3&#8243; media_items=&#8221;media|nolink|original,icon&#8221; carousel_interval=&#8221;3000&#8243; carousel_navspeed=&#8221;400&#8243; carousel_loop=&#8221;yes&#8221; carousel_dots_inside=&#8221;yes&#8221; stage_padding=&#8221;0&#8243; single_overlay_opacity=&#8221;50&#8243; single_text_anim=&#8221;no&#8221; single_overlay_anim=&#8221;no&#8221; single_image_anim=&#8221;no&#8221; single_padding=&#8221;2&#8243; single_border=&#8221;yes&#8221; title=&#8221;Client Carousel&#8221;][\/vc_column][\/vc_row][vc_row row_height_percent=&#8221;0&#8243; override_padding=&#8221;yes&#8221; h_padding=&#8221;0&#8243; top_padding=&#8221;0&#8243; bottom_padding=&#8221;0&#8243; overlay_alpha=&#8221;100&#8243; equal_height=&#8221;yes&#8221; gutter_size=&#8221;0&#8243; shift_y=&#8221;0&#8243;][vc_column column_width_percent=&#8221;100&#8243; position_horizontal=&#8221;left&#8221; position_vertical=&#8221;middle&#8221; override_padding=&#8221;yes&#8221; column_padding=&#8221;2&#8243; overlay_alpha=&#8221;100&#8243; gutter_size=&#8221;3&#8243; medium_width=&#8221;0&#8243; shift_x=&#8221;0&#8243; shift_y=&#8221;0&#8243; zoom_width=&#8221;0&#8243; zoom_height=&#8221;0&#8243; width=&#8221;1\/1&#8243;][vc_separator][\/vc_column][\/vc_row][vc_row unlock_row=&#8221;&#8221; row_height_percent=&#8221;0&#8243; override_padding=&#8221;yes&#8221; h_padding=&#8221;2&#8243; top_padding=&#8221;2&#8243; bottom_padding=&#8221;2&#8243; overlay_alpha=&#8221;50&#8243; gutter_size=&#8221;3&#8243; shift_y=&#8221;0&#8243;][vc_column column_width_percent=&#8221;100&#8243; overlay_alpha=&#8221;50&#8243; gutter_size=&#8221;3&#8243; medium_width=&#8221;0&#8243; shift_x=&#8221;0&#8243; shift_y=&#8221;0&#8243; zoom_width=&#8221;0&#8243; zoom_height=&#8221;0&#8243; width=&#8221;1\/1&#8243;][uncode_index el_id=&#8221;index-781286&#8243; isotope_mode=&#8221;packery&#8221; loop=&#8221;size:10|order_by:date|post_type:portfolio|by_id:-4081&#8243; style_preset=&#8221;metro&#8221; filtering=&#8221;yes&#8221; filtering_position=&#8221;right&#8221; filter_all_opposite=&#8221;yes&#8221; filtering_uppercase=&#8221;yes&#8221; filter_scroll=&#8221;yes&#8221; infinite=&#8221;yes&#8221; gutter_size=&#8221;3&#8243; post_items=&#8221;media,title,category,date,text,link,author,sep-one,extra&#8221; portfolio_items=&#8221;media|featured|onpost|original,title,category&#8221; screen_lg=&#8221;1000&#8243; screen_md=&#8221;600&#8243; screen_sm=&#8221;480&#8243; single_text=&#8221;overlay&#8221; single_shape=&#8221;round&#8221; single_overlay_color=&#8221;color-192357&#8243; single_overlay_opacity=&#8221;95&#8243; single_image_color_anim=&#8221;yes&#8221; single_image_anim=&#8221;no&#8221; single_h_align=&#8221;center&#8221; single_padding=&#8221;3&#8243; single_text_reduced=&#8221;yes&#8221; single_title_transform=&#8221;capitalize&#8221; single_title_dimension=&#8221;h5&#8243; single_title_family=&#8221;font-762333&#8243; single_title_height=&#8221;fontheight-357766&#8243; single_title_space=&#8221;fontspace-781688&#8243; single_border=&#8221;yes&#8221; single_css_animation=&#8221;zoom-in&#8221; single_animation_delay=&#8221;200&#8243; custom_order=&#8221;yes&#8221; carousel_rtl=&#8221;&#8221; single_title_uppercase=&#8221;&#8221; items=&#8221;eyI0MTU0X2kiOnsic2luZ2xlX3dpZHRoIjoiNCIsInNpbmdsZV9oZWlnaHQiOiI2In0sIjQwODFfaSI6eyJzaW5nbGVfaGVpZ2h0IjoiNiIsImJhY2tfaW1hZ2UiOiIyMzQ5MSIsInNpbmdsZV9sYXlvdXQiOiJtZWRpYXxjdXN0b218b25wb3N0fG9yaWdpbmFsLHRpdGxlLGNhdGVnb3J5Iiwic2luZ2xlX2ljb24iOiJmYSBmYS1wbHVzMiJ9LCI0MDY5X2kiOnsic2luZ2xlX2hlaWdodCI6IjYifSwiNDA4NV9pIjp7InNpbmdsZV9oZWlnaHQiOiI2In0sIjQxNDBfaSI6eyJzaW5nbGVfaGVpZ2h0IjoiNiJ9LCI0MDcxX2kiOnsic2luZ2xlX2ljb24iOiJmYSBmYS1wbHVzMiIsInNpbmdsZV9oZWlnaHQiOiI2In19&#8243; single_icon=&#8221;fa fa-plus2&#8243; order_ids=&#8221;4154,4142,4146,4151,4140,4089,4087,4085,4071,4078&#8243;][\/vc_column][\/vc_row]<\/p>\n<\/div>","protected":false},"excerpt":{"rendered":"<p>[vc_row][vc_column width=&#8221;1\/1&#8243;][vc_row_inner][vc_column_inner width=&#8221;1\/3&#8243;][vc_custom_heading text_size=&#8221;h4&#8243; text_font=&#8221;font-883049&#8243; text_weight=&#8221;600&#8243; text_color=&#8221;color-513763&#8243;]Our customers are our best reference.[\/vc_custom_heading][\/vc_column_inner][vc_column_inner width=&#8221;1\/3&#8243;][vc_column_text]Events and major cultural institutions, biennales, festivals, fairs, [&hellip;]<\/p>\n","protected":false},"author":52,"featured_media":0,"parent":0,"menu_order":0,"comment_status":"open","ping_status":"closed","template":"","meta":{"_monsterinsights_skip_tracking":false,"_monsterinsights_sitenote_active":false,"_monsterinsights_sitenote_note":"","_monsterinsights_sitenote_category":0,"footnotes":""},"coauthors":[488],"class_list":["post-66335","page","type-page","status-publish","hentry"],"yoast_head":"<!-- This site is optimized with the Yoast SEO Premium plugin v27.4 (Yoast SEO v27.4) - https:\/\/yoast.com\/product\/yoast-seo-premium-wordpress\/ -->\n<title>References - Heymann Associ\u00e9s - Communications\u00a0Agency<\/title>\n<meta name=\"description\" content=\"Our customers are our best reference. HA is a communications agency in the fields of\u00a0public relations, events, press relations and digital strategies.\" \/>\n<meta name=\"robots\" content=\"index, follow, max-snippet:-1, max-image-preview:large, max-video-preview:-1\" \/>\n<link rel=\"canonical\" href=\"https:\/\/www.heymann-associes.com\/en\/references\/\" \/>\n<meta property=\"og:locale\" content=\"en_US\" \/>\n<meta property=\"og:type\" content=\"article\" \/>\n<meta property=\"og:title\" content=\"REFERENCES\" \/>\n<meta property=\"og:description\" content=\"Our customers are our best reference. HA is a communications agency in the fields of\u00a0public relations, events, press relations and digital strategies.\" \/>\n<meta property=\"og:url\" content=\"https:\/\/www.heymann-associes.com\/en\/references\/\" \/>\n<meta property=\"og:site_name\" content=\"Heymann Associ\u00e9s\" \/>\n<meta property=\"article:publisher\" content=\"https:\/\/www.facebook.com\/HeymannAssocies\/\" \/>\n<meta property=\"article:modified_time\" content=\"2020-01-23T16:00:46+00:00\" \/>\n<meta name=\"twitter:card\" content=\"summary_large_image\" \/>\n<meta name=\"twitter:site\" content=\"@HeymannAssocies\" \/>\n<meta name=\"twitter:label1\" content=\"Est. reading time\" \/>\n\t<meta name=\"twitter:data1\" content=\"3 minutes\" \/>\n\t<meta name=\"twitter:label2\" content=\"Written by\" \/>\n\t<meta name=\"twitter:data2\" content=\"vincent\" \/>\n<script type=\"application\/ld+json\" class=\"yoast-schema-graph\">{\"@context\":\"https:\\\/\\\/schema.org\",\"@graph\":[{\"@type\":\"WebPage\",\"@id\":\"https:\\\/\\\/www.heymann-associes.com\\\/en\\\/references\\\/\",\"url\":\"https:\\\/\\\/www.heymann-associes.com\\\/en\\\/references\\\/\",\"name\":\"References - Heymann Associ\u00e9s - Communications\u00a0Agency\",\"isPartOf\":{\"@id\":\"https:\\\/\\\/www.heymann-associes.com\\\/en\\\/#website\"},\"datePublished\":\"2017-12-20T17:14:29+00:00\",\"dateModified\":\"2020-01-23T16:00:46+00:00\",\"description\":\"Our customers are our best reference. HA is a communications agency in the fields of\u00a0public relations, events, press relations and digital strategies.\",\"breadcrumb\":{\"@id\":\"https:\\\/\\\/www.heymann-associes.com\\\/en\\\/references\\\/#breadcrumb\"},\"inLanguage\":\"en-US\",\"potentialAction\":[{\"@type\":\"ReadAction\",\"target\":[\"https:\\\/\\\/www.heymann-associes.com\\\/en\\\/references\\\/\"]}]},{\"@type\":\"BreadcrumbList\",\"@id\":\"https:\\\/\\\/www.heymann-associes.com\\\/en\\\/references\\\/#breadcrumb\",\"itemListElement\":[{\"@type\":\"ListItem\",\"position\":1,\"name\":\"Accueil\",\"item\":\"https:\\\/\\\/www.heymann-associes.com\\\/en\\\/\"},{\"@type\":\"ListItem\",\"position\":2,\"name\":\"REFERENCES\"}]},{\"@type\":\"WebSite\",\"@id\":\"https:\\\/\\\/www.heymann-associes.com\\\/en\\\/#website\",\"url\":\"https:\\\/\\\/www.heymann-associes.com\\\/en\\\/\",\"name\":\"Heymann Associ\u00e9s\",\"description\":\"Agence de communication, culture et soci\u00e9t\u00e9\",\"publisher\":{\"@id\":\"https:\\\/\\\/www.heymann-associes.com\\\/en\\\/#organization\"},\"potentialAction\":[{\"@type\":\"SearchAction\",\"target\":{\"@type\":\"EntryPoint\",\"urlTemplate\":\"https:\\\/\\\/www.heymann-associes.com\\\/en\\\/?s={search_term_string}\"},\"query-input\":{\"@type\":\"PropertyValueSpecification\",\"valueRequired\":true,\"valueName\":\"search_term_string\"}}],\"inLanguage\":\"en-US\"},{\"@type\":\"Organization\",\"@id\":\"https:\\\/\\\/www.heymann-associes.com\\\/en\\\/#organization\",\"name\":\"Heymann Associ\u00e9s\",\"url\":\"https:\\\/\\\/www.heymann-associes.com\\\/en\\\/\",\"logo\":{\"@type\":\"ImageObject\",\"inLanguage\":\"en-US\",\"@id\":\"https:\\\/\\\/www.heymann-associes.com\\\/en\\\/#\\\/schema\\\/logo\\\/image\\\/\",\"url\":\"https:\\\/\\\/www.heymann-associes.com\\\/wp-content\\\/uploads\\\/2020\\\/01\\\/HA.jpg\",\"contentUrl\":\"https:\\\/\\\/www.heymann-associes.com\\\/wp-content\\\/uploads\\\/2020\\\/01\\\/HA.jpg\",\"width\":299,\"height\":199,\"caption\":\"Heymann Associ\u00e9s\"},\"image\":{\"@id\":\"https:\\\/\\\/www.heymann-associes.com\\\/en\\\/#\\\/schema\\\/logo\\\/image\\\/\"},\"sameAs\":[\"https:\\\/\\\/www.facebook.com\\\/HeymannAssocies\\\/\",\"https:\\\/\\\/x.com\\\/HeymannAssocies\",\"https:\\\/\\\/www.instagram.com\\\/heymann_associes\\\/\",\"https:\\\/\\\/www.linkedin.com\\\/in\\\/heymann-associ\u00e9s\\\/\",\"https:\\\/\\\/www.youtube.com\\\/channel\\\/UCh6x0i-Vc0UPuP0TB_LjlzA\"]}]}<\/script>\n<!-- \/ Yoast SEO Premium plugin. -->","yoast_head_json":{"title":"References - Heymann Associ\u00e9s - Communications\u00a0Agency","description":"Our customers are our best reference. HA is a communications agency in the fields of\u00a0public relations, events, press relations and digital strategies.","robots":{"index":"index","follow":"follow","max-snippet":"max-snippet:-1","max-image-preview":"max-image-preview:large","max-video-preview":"max-video-preview:-1"},"canonical":"https:\/\/www.heymann-associes.com\/en\/references\/","og_locale":"en_US","og_type":"article","og_title":"REFERENCES","og_description":"Our customers are our best reference. HA is a communications agency in the fields of\u00a0public relations, events, press relations and digital strategies.","og_url":"https:\/\/www.heymann-associes.com\/en\/references\/","og_site_name":"Heymann Associ\u00e9s","article_publisher":"https:\/\/www.facebook.com\/HeymannAssocies\/","article_modified_time":"2020-01-23T16:00:46+00:00","twitter_card":"summary_large_image","twitter_site":"@HeymannAssocies","twitter_misc":{"Est. reading time":"3 minutes","Written by":"vincent"},"schema":{"@context":"https:\/\/schema.org","@graph":[{"@type":"WebPage","@id":"https:\/\/www.heymann-associes.com\/en\/references\/","url":"https:\/\/www.heymann-associes.com\/en\/references\/","name":"References - Heymann Associ\u00e9s - Communications\u00a0Agency","isPartOf":{"@id":"https:\/\/www.heymann-associes.com\/en\/#website"},"datePublished":"2017-12-20T17:14:29+00:00","dateModified":"2020-01-23T16:00:46+00:00","description":"Our customers are our best reference. HA is a communications agency in the fields of\u00a0public relations, events, press relations and digital strategies.","breadcrumb":{"@id":"https:\/\/www.heymann-associes.com\/en\/references\/#breadcrumb"},"inLanguage":"en-US","potentialAction":[{"@type":"ReadAction","target":["https:\/\/www.heymann-associes.com\/en\/references\/"]}]},{"@type":"BreadcrumbList","@id":"https:\/\/www.heymann-associes.com\/en\/references\/#breadcrumb","itemListElement":[{"@type":"ListItem","position":1,"name":"Accueil","item":"https:\/\/www.heymann-associes.com\/en\/"},{"@type":"ListItem","position":2,"name":"REFERENCES"}]},{"@type":"WebSite","@id":"https:\/\/www.heymann-associes.com\/en\/#website","url":"https:\/\/www.heymann-associes.com\/en\/","name":"Heymann Associ\u00e9s","description":"Agence de communication, culture et soci\u00e9t\u00e9","publisher":{"@id":"https:\/\/www.heymann-associes.com\/en\/#organization"},"potentialAction":[{"@type":"SearchAction","target":{"@type":"EntryPoint","urlTemplate":"https:\/\/www.heymann-associes.com\/en\/?s={search_term_string}"},"query-input":{"@type":"PropertyValueSpecification","valueRequired":true,"valueName":"search_term_string"}}],"inLanguage":"en-US"},{"@type":"Organization","@id":"https:\/\/www.heymann-associes.com\/en\/#organization","name":"Heymann Associ\u00e9s","url":"https:\/\/www.heymann-associes.com\/en\/","logo":{"@type":"ImageObject","inLanguage":"en-US","@id":"https:\/\/www.heymann-associes.com\/en\/#\/schema\/logo\/image\/","url":"https:\/\/www.heymann-associes.com\/wp-content\/uploads\/2020\/01\/HA.jpg","contentUrl":"https:\/\/www.heymann-associes.com\/wp-content\/uploads\/2020\/01\/HA.jpg","width":299,"height":199,"caption":"Heymann Associ\u00e9s"},"image":{"@id":"https:\/\/www.heymann-associes.com\/en\/#\/schema\/logo\/image\/"},"sameAs":["https:\/\/www.facebook.com\/HeymannAssocies\/","https:\/\/x.com\/HeymannAssocies","https:\/\/www.instagram.com\/heymann_associes\/","https:\/\/www.linkedin.com\/in\/heymann-associ\u00e9s\/","https:\/\/www.youtube.com\/channel\/UCh6x0i-Vc0UPuP0TB_LjlzA"]}]}},"_links":{"self":[{"href":"https:\/\/www.heymann-associes.com\/en\/wp-json\/wp\/v2\/pages\/66335","targetHints":{"allow":["GET"]}}],"collection":[{"href":"https:\/\/www.heymann-associes.com\/en\/wp-json\/wp\/v2\/pages"}],"about":[{"href":"https:\/\/www.heymann-associes.com\/en\/wp-json\/wp\/v2\/types\/page"}],"author":[{"embeddable":true,"href":"https:\/\/www.heymann-associes.com\/en\/wp-json\/wp\/v2\/users\/52"}],"replies":[{"embeddable":true,"href":"https:\/\/www.heymann-associes.com\/en\/wp-json\/wp\/v2\/comments?post=66335"}],"version-history":[{"count":0,"href":"https:\/\/www.heymann-associes.com\/en\/wp-json\/wp\/v2\/pages\/66335\/revisions"}],"wp:attachment":[{"href":"https:\/\/www.heymann-associes.com\/en\/wp-json\/wp\/v2\/media?parent=66335"}],"wp:term":[{"taxonomy":"author","embeddable":true,"href":"https:\/\/www.heymann-associes.com\/en\/wp-json\/wp\/v2\/coauthors?post=66335"}],"curies":[{"name":"wp","href":"https:\/\/api.w.org\/{rel}","templated":true}]}}