{"id":66720,"date":"2018-01-07T15:13:08","date_gmt":"2018-01-07T14:13:08","guid":{"rendered":"http:\/\/www.heymann-renoult.com\/?page_id=66720"},"modified":"2020-01-23T16:30:18","modified_gmt":"2020-01-23T15:30:18","slug":"agency","status":"publish","type":"page","link":"https:\/\/www.heymann-associes.com\/en\/agency\/","title":{"rendered":"Agency"},"content":{"rendered":"<div class=\"wpb-content-wrapper\"><p>[vc_row row_height_percent=&#8221;26&#8243; back_image=&#8221;71157&#8243; overlay_color=&#8221;color-513763&#8243; overlay_alpha=&#8221;87&#8243; gutter_size=&#8221;3&#8243; column_width_percent=&#8221;100&#8243; shift_y=&#8221;0&#8243; z_index=&#8221;0&#8243;][vc_column width=&#8221;1\/1&#8243;][vc_custom_heading heading_semantic=&#8221;h3&#8243; text_size=&#8221;h3&#8243; text_height=&#8221;fontheight-179065&#8243; text_font=&#8221;font-883049&#8243; text_weight=&#8221;600&#8243; text_color=&#8221;color-xsdn&#8221; sub_reduced=&#8221;yes&#8221;]communications agency[\/vc_custom_heading][\/vc_column][\/vc_row][vc_row][vc_column width=&#8221;1\/1&#8243;][vc_custom_heading text_size=&#8221;h4&#8243; text_font=&#8221;font-883049&#8243; text_weight=&#8221;500&#8243; text_color=&#8221;color-513763&#8243;]<strong>About Us<\/strong>[\/vc_custom_heading][vc_separator][vc_row_inner][vc_column_inner width=&#8221;1\/3&#8243;][vc_custom_heading text_size=&#8221;h4&#8243; text_font=&#8221;font-883049&#8243; text_weight=&#8221;400&#8243; css_animation=&#8221;bottom-t-top&#8221;]HA, a communications agency, benefits from a reputation which is based on more than 30 years of experience in two particular sectors : culture and society.[\/vc_custom_heading][\/vc_column_inner][vc_column_inner width=&#8221;1\/3&#8243;][vc_column_text]Our numerous references in culture cover various domains: ancient- modern and contemporary art, cultural heritage, applied arts, design, architecture, photography, art market, art education, performing arts (dance and contemporary circus), music, cinema, literature, contemporary history, cultural policy\u2026[\/vc_column_text][\/vc_column_inner][vc_column_inner width=&#8221;1\/3&#8243;][vc_column_text]We developed a strong clientele in the society sector with distinguished backgrounds in the fields of luxury, art of living and tourism.<\/p>\n<p>Our staff\u00a0 put its expertise and know-how to the benefit of the work we are entrusted with: communication, press relations, public relations, media partnerships, online strategy\u2026[\/vc_column_text][\/vc_column_inner][\/vc_row_inner][\/vc_column][\/vc_row][vc_row row_height_percent=&#8221;0&#8243; override_padding=&#8221;yes&#8221; h_padding=&#8221;2&#8243; top_padding=&#8221;4&#8243; bottom_padding=&#8221;0&#8243; overlay_alpha=&#8221;50&#8243; gutter_size=&#8221;3&#8243; shift_y=&#8221;0&#8243;][vc_column column_width_percent=&#8221;100&#8243; overlay_alpha=&#8221;50&#8243; gutter_size=&#8221;3&#8243; medium_width=&#8221;0&#8243; shift_x=&#8221;0&#8243; shift_y=&#8221;0&#8243; z_index=&#8221;0&#8243; width=&#8221;1\/1&#8243;][vc_custom_heading text_size=&#8221;h4&#8243; text_font=&#8221;font-883049&#8243; text_weight=&#8221;500&#8243; text_color=&#8221;color-513763&#8243;]<strong>What we do<\/strong>[\/vc_custom_heading][vc_separator][\/vc_column][\/vc_row][vc_row][vc_column width=&#8221;1\/1&#8243;][vc_row_inner row_inner_height_percent=&#8221;0&#8243; overlay_alpha=&#8221;100&#8243; gutter_size=&#8221;4&#8243; shift_y=&#8221;0&#8243;][vc_column_inner column_width_percent=&#8221;100&#8243; gutter_size=&#8221;3&#8243; overlay_alpha=&#8221;100&#8243; medium_width=&#8221;3&#8243; mobile_width=&#8221;0&#8243; shift_x=&#8221;0&#8243; shift_y=&#8221;0&#8243; shift_y_down=&#8221;0&#8243; z_index=&#8221;0&#8243; zoom_width=&#8221;0&#8243; zoom_height=&#8221;0&#8243; width=&#8221;1\/3&#8243;][vc_icon position=&#8221;left&#8221; icon=&#8221;fa fa-newspaper&#8221; icon_color=&#8221;color-164568&#8243; size=&#8221;fa-2x&#8221; text_size=&#8221;h4&#8243; text_font=&#8221;font-883049&#8243; text_weight=&#8221;400&#8243; css_animation=&#8221;bottom-t-top&#8221; animation_delay=&#8221;200&#8243; align=&#8221;left&#8221; title=&#8221;Press Relations&#8221;][\/vc_icon][uncode_list icon=&#8221;fa fa-chevron-right&#8221; icon_color=&#8221;color-742106&#8243;]<\/p>\n<ul>\n<li>Individual media strategy custom made for each project or event<\/li>\n<li>Development and editing of written communication tools (press release and press kit, online newsletter)<\/li>\n<li>Perfect knowledge of French and international media scene<\/li>\n<li>Press events (press conferences, -trips, -breakfasts, -openings, -meetings): organisation and management<\/li>\n<\/ul>\n<p><strong>\u00a0<\/strong>[\/uncode_list][\/vc_column_inner][vc_column_inner column_width_percent=&#8221;100&#8243; gutter_size=&#8221;3&#8243; overlay_alpha=&#8221;100&#8243; medium_width=&#8221;3&#8243; shift_x=&#8221;0&#8243; shift_y=&#8221;0&#8243; z_index=&#8221;0&#8243; zoom_width=&#8221;0&#8243; zoom_height=&#8221;0&#8243; width=&#8221;1\/3&#8243;][vc_icon position=&#8221;left&#8221; icon=&#8221;fa fa-group-outline&#8221; icon_color=&#8221;color-164568&#8243; size=&#8221;fa-2x&#8221; text_size=&#8221;h4&#8243; text_font=&#8221;font-883049&#8243; text_weight=&#8221;400&#8243; css_animation=&#8221;bottom-t-top&#8221; animation_delay=&#8221;400&#8243; align=&#8221;left&#8221; title=&#8221;Public Relations&#8221;][\/vc_icon][uncode_list icon=&#8221;fa fa-chevron-right&#8221; icon_color=&#8221;color-742106&#8243;]<\/p>\n<ul>\n<li>Respond to image and opinion related issues<\/li>\n<li>Creation and organisation of custom made events<\/li>\n<li>PR database \/ cultural world, universe of luxury and art of living: deciders, personalities, opinion leaders, institutional directors, artists\u2026<\/li>\n<li>Exchange, connect and network<\/li>\n<\/ul>\n<p><strong>\u00a0<\/strong>[\/uncode_list][\/vc_column_inner][vc_column_inner column_width_percent=&#8221;100&#8243; gutter_size=&#8221;3&#8243; overlay_alpha=&#8221;100&#8243; medium_width=&#8221;3&#8243; shift_x=&#8221;0&#8243; shift_y=&#8221;0&#8243; z_index=&#8221;0&#8243; zoom_width=&#8221;0&#8243; zoom_height=&#8221;0&#8243; width=&#8221;1\/3&#8243;][vc_icon position=&#8221;left&#8221; icon=&#8221;fa fa-laptop2&#8243; icon_color=&#8221;color-164568&#8243; size=&#8221;fa-2x&#8221; text_size=&#8221;h4&#8243; text_font=&#8221;font-883049&#8243; text_weight=&#8221;400&#8243; css_animation=&#8221;bottom-t-top&#8221; animation_delay=&#8221;600&#8243; align=&#8221;left&#8221; title=&#8221;Digital Strategy&#8221;][\/vc_icon][uncode_list icon=&#8221;fa fa-chevron-right&#8221; icon_color=&#8221;color-742106&#8243;]<\/p>\n<ul>\n<li>Detailed recognition of networks and social media, influencers and decision-makers<\/li>\n<li>Analysis of online presence, monitoring and reputation management<\/li>\n<li>Creation of engaging content for social media (videos, interviews, reports, infographics)<\/li>\n<li>Advising, managing and supervising various social media channels<\/li>\n<\/ul>\n<p>[\/uncode_list][\/vc_column_inner][\/vc_row_inner][\/vc_column][\/vc_row][vc_row][vc_column width=&#8221;1\/1&#8243;][vc_row_inner row_inner_height_percent=&#8221;0&#8243; overlay_alpha=&#8221;100&#8243; gutter_size=&#8221;4&#8243; shift_y=&#8221;0&#8243;][vc_column_inner column_width_percent=&#8221;100&#8243; gutter_size=&#8221;3&#8243; overlay_alpha=&#8221;100&#8243; medium_width=&#8221;3&#8243; mobile_width=&#8221;0&#8243; shift_x=&#8221;0&#8243; shift_y=&#8221;0&#8243; shift_y_down=&#8221;0&#8243; z_index=&#8221;0&#8243; zoom_width=&#8221;0&#8243; zoom_height=&#8221;0&#8243; width=&#8221;1\/3&#8243;][vc_icon position=&#8221;left&#8221; icon=&#8221;fa fa-global&#8221; icon_color=&#8221;color-164568&#8243; size=&#8221;fa-2x&#8221; text_size=&#8221;h4&#8243; text_font=&#8221;font-883049&#8243; text_weight=&#8221;400&#8243; css_animation=&#8221;bottom-t-top&#8221; animation_delay=&#8221;200&#8243; align=&#8221;left&#8221; title=&#8221;International&#8221;][\/vc_icon][uncode_list icon=&#8221;fa fa-chevron-right&#8221; icon_color=&#8221;color-742106&#8243;]<\/p>\n<ul>\n<li>Staff with a strong sense of the international\u00a0with bilingual or trilingual collaborators<\/li>\n<li>References in Europe, Asia, Latin America, North Africa, Australia\u2026<\/li>\n<li>Intermediaries and competences abroad: press agencies, translators, photographers\u2026<\/li>\n<li>Communications customized to each territory<\/li>\n<\/ul>\n<p>[\/uncode_list][\/vc_column_inner][vc_column_inner column_width_percent=&#8221;100&#8243; gutter_size=&#8221;3&#8243; overlay_alpha=&#8221;100&#8243; medium_width=&#8221;3&#8243; shift_x=&#8221;0&#8243; shift_y=&#8221;0&#8243; z_index=&#8221;0&#8243; zoom_width=&#8221;0&#8243; zoom_height=&#8221;0&#8243; width=&#8221;1\/3&#8243;][vc_icon position=&#8221;left&#8221; icon=&#8221;fa fa-chat&#8221; icon_color=&#8221;color-164568&#8243; size=&#8221;fa-2x&#8221; text_size=&#8221;h4&#8243; text_font=&#8221;font-883049&#8243; text_weight=&#8221;400&#8243; css_animation=&#8221;bottom-t-top&#8221; animation_delay=&#8221;400&#8243; align=&#8221;left&#8221; title=&#8221;Communication&#8221;][\/vc_icon][uncode_list icon=&#8221;fa fa-chevron-right&#8221; icon_color=&#8221;color-742106&#8243;]<\/p>\n<ul>\n<li>Elaboration of a global communication plan (analysis and recommendations)<\/li>\n<li>Managing crisis communication<\/li>\n<li>Advice on image and visual identity<\/li>\n<li>Supervision of the communication support\u2019s production<\/li>\n<\/ul>\n<p><strong>\u00a0<\/strong>[\/uncode_list][\/vc_column_inner][vc_column_inner column_width_percent=&#8221;100&#8243; gutter_size=&#8221;3&#8243; overlay_alpha=&#8221;100&#8243; medium_width=&#8221;3&#8243; shift_x=&#8221;0&#8243; shift_y=&#8221;0&#8243; z_index=&#8221;0&#8243; zoom_width=&#8221;0&#8243; zoom_height=&#8221;0&#8243; width=&#8221;1\/3&#8243;][vc_icon position=&#8221;left&#8221; icon=&#8221;fa fa-clipboard3&#8243; icon_color=&#8221;color-164568&#8243; size=&#8221;fa-2x&#8221; text_size=&#8221;h4&#8243; text_font=&#8221;font-883049&#8243; text_weight=&#8221;400&#8243; css_animation=&#8221;bottom-t-top&#8221; animation_delay=&#8221;600&#8243; align=&#8221;left&#8221; title=&#8221;Media Planning&#8221;][\/vc_icon][uncode_list icon=&#8221;fa fa-chevron-right&#8221; icon_color=&#8221;color-742106&#8243;]<\/p>\n<ul>\n<li>Analysis of targets and complex of problems<\/li>\n<li>Media recommendation regarding to affinity relationships<\/li>\n<li>Negotiation, reservation, planning of insertions<\/li>\n<li>Recommendation of format: advertising, advertorial\u2026<\/li>\n<li>Detailed closing report: measuring of media coverage impact<\/li>\n<\/ul>\n<p>[\/uncode_list][\/vc_column_inner][\/vc_row_inner][\/vc_column][\/vc_row][vc_row row_height_percent=&#8221;0&#8243; override_padding=&#8221;yes&#8221; h_padding=&#8221;2&#8243; top_padding=&#8221;4&#8243; bottom_padding=&#8221;4&#8243; back_color=&#8221;color-513763&#8243; overlay_alpha=&#8221;50&#8243; gutter_size=&#8221;4&#8243; column_width_percent=&#8221;100&#8243; shift_y=&#8221;0&#8243; z_index=&#8221;0&#8243;][vc_column column_width_percent=&#8221;100&#8243; style=&#8221;dark&#8221; overlay_alpha=&#8221;50&#8243; gutter_size=&#8221;3&#8243; medium_width=&#8221;4&#8243; shift_x=&#8221;0&#8243; shift_y=&#8221;0&#8243; z_index=&#8221;0&#8243; width=&#8221;1\/1&#8243;][vc_custom_heading text_size=&#8221;h4&#8243; text_font=&#8221;font-883049&#8243; text_weight=&#8221;400&#8243; sub_lead=&#8221;yes&#8221;]<strong>Our Values<\/strong>[\/vc_custom_heading][vc_separator][vc_single_image media=&#8221;67523&#8243; media_width_percent=&#8221;100&#8243;][\/vc_column][\/vc_row][vc_row row_height_percent=&#8221;0&#8243; override_padding=&#8221;yes&#8221; h_padding=&#8221;2&#8243; top_padding=&#8221;4&#8243; bottom_padding=&#8221;0&#8243; overlay_alpha=&#8221;50&#8243; gutter_size=&#8221;3&#8243; border_color=&#8221;color-gyho&#8221; border_style=&#8221;solid&#8221; shift_y=&#8221;0&#8243; css=&#8221;.vc_custom_1459355823506{border-top-width: 1px !important;}&#8221;][vc_column column_width_percent=&#8221;100&#8243; overlay_alpha=&#8221;50&#8243; gutter_size=&#8221;3&#8243; medium_width=&#8221;0&#8243; shift_x=&#8221;0&#8243; shift_y=&#8221;0&#8243; z_index=&#8221;0&#8243; width=&#8221;1\/1&#8243;][vc_custom_heading text_size=&#8221;h4&#8243; text_weight=&#8221;500&#8243; text_color=&#8221;color-513763&#8243;]Our News[\/vc_custom_heading][vc_separator][\/vc_column][\/vc_row][vc_row row_height_percent=&#8221;0&#8243; override_padding=&#8221;yes&#8221; h_padding=&#8221;2&#8243; top_padding=&#8221;2&#8243; bottom_padding=&#8221;4&#8243; overlay_alpha=&#8221;50&#8243; gutter_size=&#8221;3&#8243; shift_y=&#8221;0&#8243;][vc_column column_width_use_pixel=&#8221;yes&#8221; overlay_alpha=&#8221;50&#8243; gutter_size=&#8221;3&#8243; medium_width=&#8221;0&#8243; shift_x=&#8221;0&#8243; shift_y=&#8221;0&#8243; z_index=&#8221;0&#8243; width=&#8221;1\/1&#8243;][uncode_index el_id=&#8221;index-197289&#8243; isotope_mode=&#8221;fitRows&#8221; loop=&#8221;size:4|order_by:date|post_type:post|categories:369|by_id:-20518,-4229,-4254,-4247,-4252&#8243; gutter_size=&#8221;4&#8243; post_items=&#8221;title,text|excerpt,sep-one|full,detail-137842&#8243; screen_lg=&#8221;1000&#8243; screen_md=&#8221;600&#8243; screen_sm=&#8221;480&#8243; single_width=&#8221;3&#8243; single_overlay_opacity=&#8221;50&#8243; single_padding=&#8221;2&#8243; single_title_dimension=&#8221;h2&#8243; single_title_weight=&#8221;300&#8243; single_title_space=&#8221;fontspace-781688&#8243; single_css_animation=&#8221;bottom-t-top&#8221; single_animation_delay=&#8221;200&#8243;][\/vc_column][\/vc_row][vc_row row_height_percent=&#8221;0&#8243; override_padding=&#8221;yes&#8221; h_padding=&#8221;2&#8243; top_padding=&#8221;3&#8243; bottom_padding=&#8221;3&#8243; back_color=&#8221;color-lxmt&#8221; overlay_alpha=&#8221;95&#8243; gutter_size=&#8221;4&#8243; border_color=&#8221;color-gyho&#8221; border_style=&#8221;solid&#8221; shift_y=&#8221;0&#8243; style=&#8221;inherited&#8221; css=&#8221;.vc_custom_1475057152120{border-top-width: 1px !important;}&#8221;][vc_column column_width_percent=&#8221;100&#8243; position_vertical=&#8221;middle&#8221; overlay_alpha=&#8221;100&#8243; gutter_size=&#8221;3&#8243; medium_width=&#8221;0&#8243; shift_x=&#8221;0&#8243; shift_y=&#8221;0&#8243; z_index=&#8221;0&#8243; zoom_width=&#8221;0&#8243; zoom_height=&#8221;0&#8243; width=&#8221;1\/2&#8243;][vc_custom_heading heading_semantic=&#8221;h3&#8243; text_size=&#8221;h3&#8243; text_weight=&#8221;300&#8243; sub_lead=&#8221;yes&#8221;]Subscribe to our newsletters[\/vc_custom_heading][\/vc_column][vc_column column_width_percent=&#8221;100&#8243; position_vertical=&#8221;middle&#8221; overlay_alpha=&#8221;50&#8243; gutter_size=&#8221;3&#8243; medium_width=&#8221;0&#8243; shift_x=&#8221;0&#8243; shift_y=&#8221;0&#8243; z_index=&#8221;0&#8243; width=&#8221;1\/2&#8243;]\n<div class=\"wpcf7 no-js\" id=\"wpcf7-f66750-o1\" lang=\"en-US\" dir=\"ltr\" data-wpcf7-id=\"66750\">\n<div class=\"screen-reader-response\"><p role=\"status\" aria-live=\"polite\" aria-atomic=\"true\"><\/p> <ul><\/ul><\/div>\n<form action=\"\/en\/wp-json\/wp\/v2\/pages\/66720#wpcf7-f66750-o1\" method=\"post\" class=\"wpcf7-form init\" aria-label=\"Contact form\" novalidate=\"novalidate\" data-status=\"init\">\n<fieldset class=\"hidden-fields-container\"><input type=\"hidden\" name=\"_wpcf7\" value=\"66750\" \/><input type=\"hidden\" name=\"_wpcf7_version\" value=\"6.1.5\" \/><input type=\"hidden\" name=\"_wpcf7_locale\" value=\"en_US\" \/><input type=\"hidden\" name=\"_wpcf7_unit_tag\" value=\"wpcf7-f66750-o1\" \/><input type=\"hidden\" name=\"_wpcf7_container_post\" value=\"0\" \/><input type=\"hidden\" name=\"_wpcf7_posted_data_hash\" value=\"\" \/>\n<\/fieldset>\n<div class=\"wpcf7-inline-wrapper wpcf7-input-group\">\n\t<p class=\"wpcf7-inline-field wpcf7-inline-field-text\"><span class=\"wpcf7-form-control-wrap\" data-name=\"your-email\"><input size=\"40\" maxlength=\"400\" class=\"wpcf7-form-control wpcf7-email wpcf7-validates-as-required wpcf7-text wpcf7-validates-as-email\" aria-required=\"true\" aria-invalid=\"false\" placeholder=\"Email\" value=\"\" type=\"email\" name=\"your-email\" \/><\/span>\n\t<\/p>\n\t<p class=\"wpcf7-inline-field wpcf7-inline-field-btn\"><input class=\"wpcf7-form-control wpcf7-submit has-spinner btn btn-accent ban-block\" type=\"submit\" value=\"Subscribe\" \/>\n\t<\/p>\n<\/div><div class=\"wpcf7-response-output\" aria-hidden=\"true\"><\/div>\n<\/form>\n<\/div>\n[\/vc_column][\/vc_row]<\/p>\n<\/div>","protected":false},"excerpt":{"rendered":"<p>[vc_row row_height_percent=&#8221;26&#8243; back_image=&#8221;71157&#8243; overlay_color=&#8221;color-513763&#8243; overlay_alpha=&#8221;87&#8243; gutter_size=&#8221;3&#8243; column_width_percent=&#8221;100&#8243; shift_y=&#8221;0&#8243; z_index=&#8221;0&#8243;][vc_column width=&#8221;1\/1&#8243;][vc_custom_heading heading_semantic=&#8221;h3&#8243; text_size=&#8221;h3&#8243; text_height=&#8221;fontheight-179065&#8243; text_font=&#8221;font-883049&#8243; text_weight=&#8221;600&#8243; text_color=&#8221;color-xsdn&#8221; sub_reduced=&#8221;yes&#8221;]communications agency[\/vc_custom_heading][\/vc_column][\/vc_row][vc_row][vc_column width=&#8221;1\/1&#8243;][vc_custom_heading text_size=&#8221;h4&#8243; [&hellip;]<\/p>\n","protected":false},"author":52,"featured_media":0,"parent":0,"menu_order":0,"comment_status":"closed","ping_status":"closed","template":"","meta":{"_monsterinsights_skip_tracking":false,"_monsterinsights_sitenote_active":false,"_monsterinsights_sitenote_note":"","_monsterinsights_sitenote_category":0,"footnotes":""},"coauthors":[488],"class_list":["post-66720","page","type-page","status-publish","hentry"],"yoast_head":"<!-- This site is optimized with the Yoast SEO Premium plugin v27.4 (Yoast SEO v27.4) - https:\/\/yoast.com\/product\/yoast-seo-premium-wordpress\/ -->\n<title>Agency - Heymann Associ\u00e9s - Cultural Communication Agency<\/title>\n<meta name=\"description\" content=\"HA is a communications agency which now benefits from the experience of 30 years of activity specifically in the fields of \u201cculture and society\u201d.\" \/>\n<meta name=\"robots\" content=\"index, follow, max-snippet:-1, max-image-preview:large, max-video-preview:-1\" \/>\n<link rel=\"canonical\" href=\"https:\/\/www.heymann-associes.com\/en\/agency\/\" \/>\n<meta property=\"og:locale\" content=\"en_US\" \/>\n<meta property=\"og:type\" content=\"article\" \/>\n<meta property=\"og:title\" content=\"Agency\" \/>\n<meta property=\"og:description\" content=\"HA is a communications agency which now benefits from the experience of 30 years of activity specifically in the fields of \u201cculture and society\u201d.\" \/>\n<meta property=\"og:url\" content=\"https:\/\/www.heymann-associes.com\/en\/agency\/\" \/>\n<meta property=\"og:site_name\" content=\"Heymann Associ\u00e9s\" \/>\n<meta property=\"article:publisher\" content=\"https:\/\/www.facebook.com\/HeymannAssocies\/\" \/>\n<meta property=\"article:modified_time\" content=\"2020-01-23T15:30:18+00:00\" \/>\n<meta name=\"twitter:card\" content=\"summary_large_image\" \/>\n<meta name=\"twitter:site\" content=\"@HeymannAssocies\" \/>\n<meta name=\"twitter:label1\" content=\"Est. reading time\" \/>\n\t<meta name=\"twitter:data1\" content=\"7 minutes\" \/>\n\t<meta name=\"twitter:label2\" content=\"Written by\" \/>\n\t<meta name=\"twitter:data2\" content=\"vincent\" \/>\n<script type=\"application\/ld+json\" class=\"yoast-schema-graph\">{\"@context\":\"https:\\\/\\\/schema.org\",\"@graph\":[{\"@type\":\"WebPage\",\"@id\":\"https:\\\/\\\/www.heymann-associes.com\\\/en\\\/agency\\\/\",\"url\":\"https:\\\/\\\/www.heymann-associes.com\\\/en\\\/agency\\\/\",\"name\":\"Agency - Heymann Associ\u00e9s - Cultural Communication Agency\",\"isPartOf\":{\"@id\":\"https:\\\/\\\/www.heymann-associes.com\\\/en\\\/#website\"},\"datePublished\":\"2018-01-07T14:13:08+00:00\",\"dateModified\":\"2020-01-23T15:30:18+00:00\",\"description\":\"HA is a communications agency which now benefits from the experience of 30 years of activity specifically in the fields of \u201cculture and society\u201d.\",\"breadcrumb\":{\"@id\":\"https:\\\/\\\/www.heymann-associes.com\\\/en\\\/agency\\\/#breadcrumb\"},\"inLanguage\":\"en-US\",\"potentialAction\":[{\"@type\":\"ReadAction\",\"target\":[\"https:\\\/\\\/www.heymann-associes.com\\\/en\\\/agency\\\/\"]}]},{\"@type\":\"BreadcrumbList\",\"@id\":\"https:\\\/\\\/www.heymann-associes.com\\\/en\\\/agency\\\/#breadcrumb\",\"itemListElement\":[{\"@type\":\"ListItem\",\"position\":1,\"name\":\"Accueil\",\"item\":\"https:\\\/\\\/www.heymann-associes.com\\\/en\\\/\"},{\"@type\":\"ListItem\",\"position\":2,\"name\":\"Agency\"}]},{\"@type\":\"WebSite\",\"@id\":\"https:\\\/\\\/www.heymann-associes.com\\\/en\\\/#website\",\"url\":\"https:\\\/\\\/www.heymann-associes.com\\\/en\\\/\",\"name\":\"Heymann Associ\u00e9s\",\"description\":\"Agence de communication, culture et soci\u00e9t\u00e9\",\"publisher\":{\"@id\":\"https:\\\/\\\/www.heymann-associes.com\\\/en\\\/#organization\"},\"potentialAction\":[{\"@type\":\"SearchAction\",\"target\":{\"@type\":\"EntryPoint\",\"urlTemplate\":\"https:\\\/\\\/www.heymann-associes.com\\\/en\\\/?s={search_term_string}\"},\"query-input\":{\"@type\":\"PropertyValueSpecification\",\"valueRequired\":true,\"valueName\":\"search_term_string\"}}],\"inLanguage\":\"en-US\"},{\"@type\":\"Organization\",\"@id\":\"https:\\\/\\\/www.heymann-associes.com\\\/en\\\/#organization\",\"name\":\"Heymann Associ\u00e9s\",\"url\":\"https:\\\/\\\/www.heymann-associes.com\\\/en\\\/\",\"logo\":{\"@type\":\"ImageObject\",\"inLanguage\":\"en-US\",\"@id\":\"https:\\\/\\\/www.heymann-associes.com\\\/en\\\/#\\\/schema\\\/logo\\\/image\\\/\",\"url\":\"https:\\\/\\\/www.heymann-associes.com\\\/wp-content\\\/uploads\\\/2020\\\/01\\\/HA.jpg\",\"contentUrl\":\"https:\\\/\\\/www.heymann-associes.com\\\/wp-content\\\/uploads\\\/2020\\\/01\\\/HA.jpg\",\"width\":299,\"height\":199,\"caption\":\"Heymann Associ\u00e9s\"},\"image\":{\"@id\":\"https:\\\/\\\/www.heymann-associes.com\\\/en\\\/#\\\/schema\\\/logo\\\/image\\\/\"},\"sameAs\":[\"https:\\\/\\\/www.facebook.com\\\/HeymannAssocies\\\/\",\"https:\\\/\\\/x.com\\\/HeymannAssocies\",\"https:\\\/\\\/www.instagram.com\\\/heymann_associes\\\/\",\"https:\\\/\\\/www.linkedin.com\\\/in\\\/heymann-associ\u00e9s\\\/\",\"https:\\\/\\\/www.youtube.com\\\/channel\\\/UCh6x0i-Vc0UPuP0TB_LjlzA\"]}]}<\/script>\n<!-- \/ Yoast SEO Premium plugin. -->","yoast_head_json":{"title":"Agency - Heymann Associ\u00e9s - Cultural Communication Agency","description":"HA is a communications agency which now benefits from the experience of 30 years of activity specifically in the fields of \u201cculture and society\u201d.","robots":{"index":"index","follow":"follow","max-snippet":"max-snippet:-1","max-image-preview":"max-image-preview:large","max-video-preview":"max-video-preview:-1"},"canonical":"https:\/\/www.heymann-associes.com\/en\/agency\/","og_locale":"en_US","og_type":"article","og_title":"Agency","og_description":"HA is a communications agency which now benefits from the experience of 30 years of activity specifically in the fields of \u201cculture and society\u201d.","og_url":"https:\/\/www.heymann-associes.com\/en\/agency\/","og_site_name":"Heymann Associ\u00e9s","article_publisher":"https:\/\/www.facebook.com\/HeymannAssocies\/","article_modified_time":"2020-01-23T15:30:18+00:00","twitter_card":"summary_large_image","twitter_site":"@HeymannAssocies","twitter_misc":{"Est. reading time":"7 minutes","Written by":"vincent"},"schema":{"@context":"https:\/\/schema.org","@graph":[{"@type":"WebPage","@id":"https:\/\/www.heymann-associes.com\/en\/agency\/","url":"https:\/\/www.heymann-associes.com\/en\/agency\/","name":"Agency - Heymann Associ\u00e9s - Cultural Communication Agency","isPartOf":{"@id":"https:\/\/www.heymann-associes.com\/en\/#website"},"datePublished":"2018-01-07T14:13:08+00:00","dateModified":"2020-01-23T15:30:18+00:00","description":"HA is a communications agency which now benefits from the experience of 30 years of activity specifically in the fields of \u201cculture and society\u201d.","breadcrumb":{"@id":"https:\/\/www.heymann-associes.com\/en\/agency\/#breadcrumb"},"inLanguage":"en-US","potentialAction":[{"@type":"ReadAction","target":["https:\/\/www.heymann-associes.com\/en\/agency\/"]}]},{"@type":"BreadcrumbList","@id":"https:\/\/www.heymann-associes.com\/en\/agency\/#breadcrumb","itemListElement":[{"@type":"ListItem","position":1,"name":"Accueil","item":"https:\/\/www.heymann-associes.com\/en\/"},{"@type":"ListItem","position":2,"name":"Agency"}]},{"@type":"WebSite","@id":"https:\/\/www.heymann-associes.com\/en\/#website","url":"https:\/\/www.heymann-associes.com\/en\/","name":"Heymann Associ\u00e9s","description":"Agence de communication, culture et soci\u00e9t\u00e9","publisher":{"@id":"https:\/\/www.heymann-associes.com\/en\/#organization"},"potentialAction":[{"@type":"SearchAction","target":{"@type":"EntryPoint","urlTemplate":"https:\/\/www.heymann-associes.com\/en\/?s={search_term_string}"},"query-input":{"@type":"PropertyValueSpecification","valueRequired":true,"valueName":"search_term_string"}}],"inLanguage":"en-US"},{"@type":"Organization","@id":"https:\/\/www.heymann-associes.com\/en\/#organization","name":"Heymann Associ\u00e9s","url":"https:\/\/www.heymann-associes.com\/en\/","logo":{"@type":"ImageObject","inLanguage":"en-US","@id":"https:\/\/www.heymann-associes.com\/en\/#\/schema\/logo\/image\/","url":"https:\/\/www.heymann-associes.com\/wp-content\/uploads\/2020\/01\/HA.jpg","contentUrl":"https:\/\/www.heymann-associes.com\/wp-content\/uploads\/2020\/01\/HA.jpg","width":299,"height":199,"caption":"Heymann Associ\u00e9s"},"image":{"@id":"https:\/\/www.heymann-associes.com\/en\/#\/schema\/logo\/image\/"},"sameAs":["https:\/\/www.facebook.com\/HeymannAssocies\/","https:\/\/x.com\/HeymannAssocies","https:\/\/www.instagram.com\/heymann_associes\/","https:\/\/www.linkedin.com\/in\/heymann-associ\u00e9s\/","https:\/\/www.youtube.com\/channel\/UCh6x0i-Vc0UPuP0TB_LjlzA"]}]}},"_links":{"self":[{"href":"https:\/\/www.heymann-associes.com\/en\/wp-json\/wp\/v2\/pages\/66720","targetHints":{"allow":["GET"]}}],"collection":[{"href":"https:\/\/www.heymann-associes.com\/en\/wp-json\/wp\/v2\/pages"}],"about":[{"href":"https:\/\/www.heymann-associes.com\/en\/wp-json\/wp\/v2\/types\/page"}],"author":[{"embeddable":true,"href":"https:\/\/www.heymann-associes.com\/en\/wp-json\/wp\/v2\/users\/52"}],"replies":[{"embeddable":true,"href":"https:\/\/www.heymann-associes.com\/en\/wp-json\/wp\/v2\/comments?post=66720"}],"version-history":[{"count":0,"href":"https:\/\/www.heymann-associes.com\/en\/wp-json\/wp\/v2\/pages\/66720\/revisions"}],"wp:attachment":[{"href":"https:\/\/www.heymann-associes.com\/en\/wp-json\/wp\/v2\/media?parent=66720"}],"wp:term":[{"taxonomy":"author","embeddable":true,"href":"https:\/\/www.heymann-associes.com\/en\/wp-json\/wp\/v2\/coauthors?post=66720"}],"curies":[{"name":"wp","href":"https:\/\/api.w.org\/{rel}","templated":true}]}}