{"id":66768,"date":"2018-01-08T10:16:23","date_gmt":"2018-01-08T09:16:23","guid":{"rendered":"http:\/\/www.heymann-renoult.com\/?page_id=66768"},"modified":"2018-01-15T16:31:14","modified_gmt":"2018-01-15T15:31:14","slug":"home2","status":"publish","type":"page","link":"https:\/\/www.heymann-associes.com\/en\/","title":{"rendered":"home"},"content":{"rendered":"<div class=\"wpb-content-wrapper\"><p>[vc_row][vc_column width=&#8221;1\/1&#8243;][uncode_block id=&#8221;48174&#8243;][\/vc_column][\/vc_row]<\/p>\n<\/div>","protected":false},"excerpt":{"rendered":"<p>[vc_row][vc_column width=&#8221;1\/1&#8243;][uncode_block id=&#8221;48174&#8243;][\/vc_column][\/vc_row]<\/p>\n","protected":false},"author":52,"featured_media":0,"parent":0,"menu_order":0,"comment_status":"closed","ping_status":"closed","template":"","meta":{"_monsterinsights_skip_tracking":false,"_monsterinsights_sitenote_active":false,"_monsterinsights_sitenote_note":"","_monsterinsights_sitenote_category":0,"footnotes":""},"coauthors":[488],"class_list":["post-66768","page","type-page","status-publish","hentry"],"yoast_head":"<!-- This site is optimized with the Yoast SEO Premium plugin v27.4 (Yoast SEO v27.4) - https:\/\/yoast.com\/product\/yoast-seo-premium-wordpress\/ -->\n<title>home - Heymann Associ\u00e9s<\/title>\n<meta name=\"robots\" content=\"index, follow, max-snippet:-1, max-image-preview:large, max-video-preview:-1\" \/>\n<link rel=\"canonical\" href=\"https:\/\/www.heymann-associes.com\/en\/\" \/>\n<meta property=\"og:locale\" content=\"en_US\" \/>\n<meta property=\"og:type\" content=\"article\" \/>\n<meta property=\"og:title\" content=\"home\" \/>\n<meta property=\"og:description\" content=\"[vc_row][vc_column width=&#8221;1\/1&#8243;][uncode_block id=&#8221;48174&#8243;][\/vc_column][\/vc_row]\" \/>\n<meta property=\"og:url\" content=\"https:\/\/www.heymann-associes.com\/en\/\" \/>\n<meta property=\"og:site_name\" content=\"Heymann Associ\u00e9s\" \/>\n<meta property=\"article:publisher\" content=\"https:\/\/www.facebook.com\/HeymannAssocies\/\" \/>\n<meta property=\"article:modified_time\" content=\"2018-01-15T15:31:14+00:00\" \/>\n<meta name=\"twitter:card\" content=\"summary_large_image\" \/>\n<meta name=\"twitter:site\" content=\"@HeymannAssocies\" \/>\n<meta name=\"twitter:label1\" content=\"Written by\" \/>\n\t<meta name=\"twitter:data1\" content=\"vincent\" \/>\n<script type=\"application\/ld+json\" class=\"yoast-schema-graph\">{\"@context\":\"https:\\\/\\\/schema.org\",\"@graph\":[{\"@type\":\"WebPage\",\"@id\":\"https:\\\/\\\/www.heymann-associes.com\\\/en\\\/\",\"url\":\"https:\\\/\\\/www.heymann-associes.com\\\/en\\\/\",\"name\":\"home - Heymann Associ\u00e9s\",\"isPartOf\":{\"@id\":\"https:\\\/\\\/www.heymann-associes.com\\\/en\\\/#website\"},\"datePublished\":\"2018-01-08T09:16:23+00:00\",\"dateModified\":\"2018-01-15T15:31:14+00:00\",\"breadcrumb\":{\"@id\":\"https:\\\/\\\/www.heymann-associes.com\\\/en\\\/#breadcrumb\"},\"inLanguage\":\"en-US\",\"potentialAction\":[{\"@type\":\"ReadAction\",\"target\":[\"https:\\\/\\\/www.heymann-associes.com\\\/en\\\/\"]}]},{\"@type\":\"BreadcrumbList\",\"@id\":\"https:\\\/\\\/www.heymann-associes.com\\\/en\\\/#breadcrumb\",\"itemListElement\":[{\"@type\":\"ListItem\",\"position\":1,\"name\":\"Accueil\",\"item\":\"https:\\\/\\\/www.heymann-associes.com\\\/en\\\/\"},{\"@type\":\"ListItem\",\"position\":2,\"name\":\"home\"}]},{\"@type\":\"WebSite\",\"@id\":\"https:\\\/\\\/www.heymann-associes.com\\\/en\\\/#website\",\"url\":\"https:\\\/\\\/www.heymann-associes.com\\\/en\\\/\",\"name\":\"Heymann Associ\u00e9s\",\"description\":\"Agence de communication, culture et soci\u00e9t\u00e9\",\"publisher\":{\"@id\":\"https:\\\/\\\/www.heymann-associes.com\\\/en\\\/#organization\"},\"potentialAction\":[{\"@type\":\"SearchAction\",\"target\":{\"@type\":\"EntryPoint\",\"urlTemplate\":\"https:\\\/\\\/www.heymann-associes.com\\\/en\\\/?s={search_term_string}\"},\"query-input\":{\"@type\":\"PropertyValueSpecification\",\"valueRequired\":true,\"valueName\":\"search_term_string\"}}],\"inLanguage\":\"en-US\"},{\"@type\":\"Organization\",\"@id\":\"https:\\\/\\\/www.heymann-associes.com\\\/en\\\/#organization\",\"name\":\"Heymann Associ\u00e9s\",\"url\":\"https:\\\/\\\/www.heymann-associes.com\\\/en\\\/\",\"logo\":{\"@type\":\"ImageObject\",\"inLanguage\":\"en-US\",\"@id\":\"https:\\\/\\\/www.heymann-associes.com\\\/en\\\/#\\\/schema\\\/logo\\\/image\\\/\",\"url\":\"https:\\\/\\\/www.heymann-associes.com\\\/wp-content\\\/uploads\\\/2020\\\/01\\\/HA.jpg\",\"contentUrl\":\"https:\\\/\\\/www.heymann-associes.com\\\/wp-content\\\/uploads\\\/2020\\\/01\\\/HA.jpg\",\"width\":299,\"height\":199,\"caption\":\"Heymann Associ\u00e9s\"},\"image\":{\"@id\":\"https:\\\/\\\/www.heymann-associes.com\\\/en\\\/#\\\/schema\\\/logo\\\/image\\\/\"},\"sameAs\":[\"https:\\\/\\\/www.facebook.com\\\/HeymannAssocies\\\/\",\"https:\\\/\\\/x.com\\\/HeymannAssocies\",\"https:\\\/\\\/www.instagram.com\\\/heymann_associes\\\/\",\"https:\\\/\\\/www.linkedin.com\\\/in\\\/heymann-associ\u00e9s\\\/\",\"https:\\\/\\\/www.youtube.com\\\/channel\\\/UCh6x0i-Vc0UPuP0TB_LjlzA\"]}]}<\/script>\n<!-- \/ Yoast SEO Premium plugin. -->","yoast_head_json":{"title":"home - Heymann Associ\u00e9s","robots":{"index":"index","follow":"follow","max-snippet":"max-snippet:-1","max-image-preview":"max-image-preview:large","max-video-preview":"max-video-preview:-1"},"canonical":"https:\/\/www.heymann-associes.com\/en\/","og_locale":"en_US","og_type":"article","og_title":"home","og_description":"[vc_row][vc_column width=&#8221;1\/1&#8243;][uncode_block id=&#8221;48174&#8243;][\/vc_column][\/vc_row]","og_url":"https:\/\/www.heymann-associes.com\/en\/","og_site_name":"Heymann Associ\u00e9s","article_publisher":"https:\/\/www.facebook.com\/HeymannAssocies\/","article_modified_time":"2018-01-15T15:31:14+00:00","twitter_card":"summary_large_image","twitter_site":"@HeymannAssocies","twitter_misc":{"Written by":"vincent"},"schema":{"@context":"https:\/\/schema.org","@graph":[{"@type":"WebPage","@id":"https:\/\/www.heymann-associes.com\/en\/","url":"https:\/\/www.heymann-associes.com\/en\/","name":"home - Heymann Associ\u00e9s","isPartOf":{"@id":"https:\/\/www.heymann-associes.com\/en\/#website"},"datePublished":"2018-01-08T09:16:23+00:00","dateModified":"2018-01-15T15:31:14+00:00","breadcrumb":{"@id":"https:\/\/www.heymann-associes.com\/en\/#breadcrumb"},"inLanguage":"en-US","potentialAction":[{"@type":"ReadAction","target":["https:\/\/www.heymann-associes.com\/en\/"]}]},{"@type":"BreadcrumbList","@id":"https:\/\/www.heymann-associes.com\/en\/#breadcrumb","itemListElement":[{"@type":"ListItem","position":1,"name":"Accueil","item":"https:\/\/www.heymann-associes.com\/en\/"},{"@type":"ListItem","position":2,"name":"home"}]},{"@type":"WebSite","@id":"https:\/\/www.heymann-associes.com\/en\/#website","url":"https:\/\/www.heymann-associes.com\/en\/","name":"Heymann Associ\u00e9s","description":"Agence de communication, culture et soci\u00e9t\u00e9","publisher":{"@id":"https:\/\/www.heymann-associes.com\/en\/#organization"},"potentialAction":[{"@type":"SearchAction","target":{"@type":"EntryPoint","urlTemplate":"https:\/\/www.heymann-associes.com\/en\/?s={search_term_string}"},"query-input":{"@type":"PropertyValueSpecification","valueRequired":true,"valueName":"search_term_string"}}],"inLanguage":"en-US"},{"@type":"Organization","@id":"https:\/\/www.heymann-associes.com\/en\/#organization","name":"Heymann Associ\u00e9s","url":"https:\/\/www.heymann-associes.com\/en\/","logo":{"@type":"ImageObject","inLanguage":"en-US","@id":"https:\/\/www.heymann-associes.com\/en\/#\/schema\/logo\/image\/","url":"https:\/\/www.heymann-associes.com\/wp-content\/uploads\/2020\/01\/HA.jpg","contentUrl":"https:\/\/www.heymann-associes.com\/wp-content\/uploads\/2020\/01\/HA.jpg","width":299,"height":199,"caption":"Heymann Associ\u00e9s"},"image":{"@id":"https:\/\/www.heymann-associes.com\/en\/#\/schema\/logo\/image\/"},"sameAs":["https:\/\/www.facebook.com\/HeymannAssocies\/","https:\/\/x.com\/HeymannAssocies","https:\/\/www.instagram.com\/heymann_associes\/","https:\/\/www.linkedin.com\/in\/heymann-associ\u00e9s\/","https:\/\/www.youtube.com\/channel\/UCh6x0i-Vc0UPuP0TB_LjlzA"]}]}},"_links":{"self":[{"href":"https:\/\/www.heymann-associes.com\/en\/wp-json\/wp\/v2\/pages\/66768","targetHints":{"allow":["GET"]}}],"collection":[{"href":"https:\/\/www.heymann-associes.com\/en\/wp-json\/wp\/v2\/pages"}],"about":[{"href":"https:\/\/www.heymann-associes.com\/en\/wp-json\/wp\/v2\/types\/page"}],"author":[{"embeddable":true,"href":"https:\/\/www.heymann-associes.com\/en\/wp-json\/wp\/v2\/users\/52"}],"replies":[{"embeddable":true,"href":"https:\/\/www.heymann-associes.com\/en\/wp-json\/wp\/v2\/comments?post=66768"}],"version-history":[{"count":0,"href":"https:\/\/www.heymann-associes.com\/en\/wp-json\/wp\/v2\/pages\/66768\/revisions"}],"wp:attachment":[{"href":"https:\/\/www.heymann-associes.com\/en\/wp-json\/wp\/v2\/media?parent=66768"}],"wp:term":[{"taxonomy":"author","embeddable":true,"href":"https:\/\/www.heymann-associes.com\/en\/wp-json\/wp\/v2\/coauthors?post=66768"}],"curies":[{"name":"wp","href":"https:\/\/api.w.org\/{rel}","templated":true}]}}